{"id":37,"date":"2021-05-15T15:01:33","date_gmt":"2021-05-15T15:01:33","guid":{"rendered":"http:\/\/s871834693.online.de\/?page_id=37"},"modified":"2025-01-21T14:15:04","modified_gmt":"2025-01-21T14:15:04","slug":"ueber-mich","status":"publish","type":"page","link":"https:\/\/sabrinahuesken.de\/?page_id=37","title":{"rendered":"\u00dcber mich"},"content":{"rendered":"\n<p>Der Obelisk inmitten einer Gro\u00dfstadt in \u00c4gypten, und ein Pharao, der ihn nie zu Ende bauen lie\u00df. Die Frau, die sich auf einer gew\u00f6hnlichen Wandertour pl\u00f6tzlich auf einer Reise zu sich selbst befindet. Ein Paar, das durch einen Tanzkurs wieder zueinander findet. Das Leben ist voller Geschichten. Jeder Mensch tr\u00e4gt sie in sich &#8211; die kleinen, aber auch die ganz gro\u00dfen. Und jede dieser Geschichten hat das Potenzial, zu ber\u00fchren, zu bewegen, zu begeistern.<\/p>\n\n\n\n<p>Ich bin Sabrina, und als Schriftstellerin habe ich mir zur Aufgabe gemacht, diesen Geschichten auf den Grund zu gehen. In meinen Romanen, Novellen und Kurzgeschichten erz\u00e4hle ich, was im Alltag versickern w\u00fcrde und das, was zwischen den Zeilen schwebt. Ich schreibe die Geschichten, die mich begeistern, die mir Mut geben, die mir zeigen, dass es sich lohnt, f\u00fcr das, was man will und liebt, zu k\u00e4mpfen.<\/p>\n\n\n\n<p>Ich glaube, jede Geschichte ist es wert, gelesen, geh\u00f6rt oder gesehen zu werden, nur muss sie richtig erz\u00e4hlt werden.<\/p>\n\n\n\n<p>Und vielleicht \u2013 ja, vielleicht, springt der Funke meiner Werke auf dich, liebe Leserin, lieber Leser, \u00fcber!<\/p>\n\n\n\n<p>Worauf wartest du noch? \u2013 Wir lesen uns!<\/p>\n\n\n\n<p><\/p>\n","protected":false},"excerpt":{"rendered":"<p>Der Obelisk inmitten einer Gro\u00dfstadt in \u00c4gypten, und ein Pharao, der ihn nie zu Ende bauen lie\u00df. Die Frau, die sich auf einer gew\u00f6hnlichen Wandertour pl\u00f6tzlich auf einer Reise zu sich selbst befindet. Ein Paar, das durch einen Tanzkurs wieder zueinander findet. Das Leben ist voller Geschichten. Jeder Mensch tr\u00e4gt sie in sich &#8211; die &hellip; <\/p>\n<p class=\"link-more\"><a href=\"https:\/\/sabrinahuesken.de\/?page_id=37\" class=\"more-link\">Mehr <span class=\"screen-reader-text\">\u00fcber &#8222;\u00dcber mich&#8220; <\/span>Lesen<\/a><\/p>\n","protected":false},"author":1,"featured_media":316,"parent":0,"menu_order":0,"comment_status":"closed","ping_status":"closed","template":"","meta":{"ngg_post_thumbnail":0,"inspiro_hide_title":false,"footnotes":""},"class_list":["post-37","page","type-page","status-publish","has-post-thumbnail","hentry"],"featured_media_urls":{"thumbnail":["https:\/\/sabrinahuesken.de\/wp-content\/uploads\/2022\/12\/brina_lapadu_005-150x150.jpg",150,150,true],"medium":["https:\/\/sabrinahuesken.de\/wp-content\/uploads\/2022\/12\/brina_lapadu_005-300x200.jpg",300,200,true],"medium_large":["https:\/\/sabrinahuesken.de\/wp-content\/uploads\/2022\/12\/brina_lapadu_005-768x512.jpg",768,512,true],"large":["https:\/\/sabrinahuesken.de\/wp-content\/uploads\/2022\/12\/brina_lapadu_005-1024x683.jpg",950,634,true],"1536x1536":["https:\/\/sabrinahuesken.de\/wp-content\/uploads\/2022\/12\/brina_lapadu_005-1536x1025.jpg",1536,1025,true],"2048x2048":["https:\/\/sabrinahuesken.de\/wp-content\/uploads\/2022\/12\/brina_lapadu_005-2048x1366.jpg",2048,1366,true],"inspiro-featured-image":["https:\/\/sabrinahuesken.de\/wp-content\/uploads\/2022\/12\/brina_lapadu_005-2000x1334.jpg",2000,1334,true],"inspiro-loop":["https:\/\/sabrinahuesken.de\/wp-content\/uploads\/2022\/12\/brina_lapadu_005-950x320.jpg",950,320,true],"inspiro-loop@2x":["https:\/\/sabrinahuesken.de\/wp-content\/uploads\/2022\/12\/brina_lapadu_005-1900x640.jpg",1900,640,true],"portfolio_item-thumbnail":["https:\/\/sabrinahuesken.de\/wp-content\/uploads\/2022\/12\/brina_lapadu_005-scaled-600x400.jpg",600,400,true],"portfolio_item-thumbnail@2x":["https:\/\/sabrinahuesken.de\/wp-content\/uploads\/2022\/12\/brina_lapadu_005-scaled-1200x800.jpg",1200,800,true],"portfolio_item-masonry":["https:\/\/sabrinahuesken.de\/wp-content\/uploads\/2022\/12\/brina_lapadu_005-scaled-600x400.jpg",600,400,true],"portfolio_item-masonry@2x":["https:\/\/sabrinahuesken.de\/wp-content\/uploads\/2022\/12\/brina_lapadu_005-scaled-1200x801.jpg",1200,801,true],"portfolio_item-thumbnail_cinema":["https:\/\/sabrinahuesken.de\/wp-content\/uploads\/2022\/12\/brina_lapadu_005-scaled-800x335.jpg",800,335,true],"portfolio_item-thumbnail_portrait":["https:\/\/sabrinahuesken.de\/wp-content\/uploads\/2022\/12\/brina_lapadu_005-scaled-600x900.jpg",600,900,true],"portfolio_item-thumbnail_portrait@2x":["https:\/\/sabrinahuesken.de\/wp-content\/uploads\/2022\/12\/brina_lapadu_005-scaled-1200x1708.jpg",1200,1708,true],"portfolio_item-thumbnail_square":["https:\/\/sabrinahuesken.de\/wp-content\/uploads\/2022\/12\/brina_lapadu_005-scaled-800x800.jpg",800,800,true]},"_links":{"self":[{"href":"https:\/\/sabrinahuesken.de\/index.php?rest_route=\/wp\/v2\/pages\/37","targetHints":{"allow":["GET"]}}],"collection":[{"href":"https:\/\/sabrinahuesken.de\/index.php?rest_route=\/wp\/v2\/pages"}],"about":[{"href":"https:\/\/sabrinahuesken.de\/index.php?rest_route=\/wp\/v2\/types\/page"}],"author":[{"embeddable":true,"href":"https:\/\/sabrinahuesken.de\/index.php?rest_route=\/wp\/v2\/users\/1"}],"replies":[{"embeddable":true,"href":"https:\/\/sabrinahuesken.de\/index.php?rest_route=%2Fwp%2Fv2%2Fcomments&post=37"}],"version-history":[{"count":23,"href":"https:\/\/sabrinahuesken.de\/index.php?rest_route=\/wp\/v2\/pages\/37\/revisions"}],"predecessor-version":[{"id":526,"href":"https:\/\/sabrinahuesken.de\/index.php?rest_route=\/wp\/v2\/pages\/37\/revisions\/526"}],"wp:featuredmedia":[{"embeddable":true,"href":"https:\/\/sabrinahuesken.de\/index.php?rest_route=\/wp\/v2\/media\/316"}],"wp:attachment":[{"href":"https:\/\/sabrinahuesken.de\/index.php?rest_route=%2Fwp%2Fv2%2Fmedia&parent=37"}],"curies":[{"name":"wp","href":"https:\/\/api.w.org\/{rel}","templated":true}]}}