{"id":98,"date":"2021-05-15T19:22:09","date_gmt":"2021-05-15T19:22:09","guid":{"rendered":"http:\/\/sabrinahuesken.de\/?page_id=98"},"modified":"2022-01-18T19:21:05","modified_gmt":"2022-01-18T19:21:05","slug":"datenschutz","status":"publish","type":"page","link":"https:\/\/sabrinahuesken.de\/?page_id=98","title":{"rendered":"Datenschutz"},"content":{"rendered":"\n<h3 class=\"wp-block-heading\">DATENSCHUTZERKL\u00c4RUNG<\/h3>\n\n\n\n<h4 class=\"wp-block-heading\"><\/h4>\n\n\n\n<p><strong>I. Verantwortlicher f\u00fcr die Verarbeitung personenbezogener Daten<\/strong><br>Verantwortlich f\u00fcr die Verarbeitung personenbezogener Daten ist:<br>Sabrina H\u00fcsken<br>Huttropstr. 65<br>45138 Essen<br>hallo@sabrinahuesken.de<\/p>\n\n\n\n<p><strong>II. Verarbeitung personenbezogener Daten<\/strong><br>Konkret handelt es sich um folgende personenbezogene Daten: Referrer, Zieldomain, IP-Adresse, Zugriffsdatum und -uhrzeit, Browsertyp und -version, Betriebssystem und Ger\u00e4tetyp.<\/p>\n\n\n\n<p>Au\u00dferdem haben Sie die M\u00f6glichkeit, Kommentare unter Blogeintr\u00e4gen zu verfassen. Dazu m\u00fcssen Sie Ihren Namen und Ihre E-Mail Adresse angeben, wobei nur der Name angezeigt wird. Dabei haben Sie die Option, dass diese personenbezogenen Daten bis zu Ihrem n\u00e4chsten Kommentar gespeichert werden. Rechtsgrundlage ist Art.&nbsp;6 Abs.&nbsp;1 lit.&nbsp;a DS-GVO.<\/p>\n\n\n\n<p>Die Daten werden nur von dem Betreiber des Servers ausgewertet und nicht an Dritte weitergegeben.<\/p>\n\n\n\n<p><strong>III. Auftragsverarbeitung<\/strong><br>Die Website wird von einem externen Server betreut. Dort gehen auch Ihre Zugriffsdaten ein. Mit IONOS SE, Elgendorfer Str. 57, 56410 Montabaur, wurde ein Vertrag \u00fcber die Auftragsverarbeitung geschlossen, der den Anforderungen von Art.\u00a028 DS-GVO entspricht.<br><br><strong>IV. L\u00f6schung<\/strong><br>Ihre personenbezogenen Daten werden nach Ablauf von 8 Wochen gel\u00f6scht, mit Ausnahme der f\u00fcr Blogeintr\u00e4ge erforderlichen personenbezogenen Daten.<br><br><strong>V. Sicherheit<\/strong><br>Es werden technische und organisatorischen Ma\u00dfnahmen eingesetzt, um Ihre personenbezogenen Daten zu sch\u00fctzen.<br><br><strong>VI. Ihre Rechte<\/strong><br>Da personenbezogene Daten von Ihnen verarbeitet werden, haben Sie folgende Rechte nach den gesetzlichen Voraussetzungen:<\/p>\n\n\n\n<p>Sie haben das Recht, von dem Verantwortlichen Informationen \u00fcber Ihre personenbezogenen Daten (Art.&nbsp;15 DS-GVO), deren Berichtigung (Art.&nbsp;16 DS-GVO) oder L\u00f6schung (Art.&nbsp;17 DS-GVO) zu verlangen. Ferner k\u00f6nnen Sie nach Art.&nbsp;18 DS-GVO die Einschr\u00e4nkung der Verarbeitung der Sie betreffenden personenbezogenen Daten geltend machen. Es besteht eine Verpflichtung, die Empf\u00e4nger Ihrer personenbezogenen Daten dar\u00fcber zu informieren, wenn Ihre Daten berichtigt, gel\u00f6scht oder eingeschr\u00e4nkt verarbeitet werden (Art.&nbsp;19 DS-GVO).<\/p>\n\n\n\n<p>Au\u00dferdem werden Sie darauf hingewiesen, dass Sie die Sie betreffenden personenbezogenen Daten in einem strukturierten, g\u00e4ngigen und maschinenlesbaren Format erhalten k\u00f6nnen (Art.&nbsp;20 DS-GVO).<\/p>\n\n\n\n<p>Es steht Ihnen dar\u00fcber hinaus frei, aus Gr\u00fcnden, die sich aus Ihrer pers\u00f6nlichen Situation ergeben, jederzeit gegen die Verarbeitung Ihrer personenbezogenen Daten f\u00fcr die Zukunft zu widersprechen (Art.&nbsp;21 DS-GVO), sofern die Verarbeitung auf der Grundlage von Art.&nbsp;6&nbsp;Abs.&nbsp;1 lit.&nbsp;f DS-GVO erfolgt.<\/p>\n\n\n\n<p>Schlie\u00dflich k\u00f6nnen Sie sich bei einer Aufsichtsbeh\u00f6rde \u00fcber die Verarbeitung Ihrer personenbezogenen Daten beschweren (Art.\u00a077 DS-GVO).<br><br><strong>VII. Kontakt<\/strong><br>Bei Fragen zu der Verarbeitung Ihrer personenbezogenen Daten k\u00f6nnen Sie <a href=\"mailto:hallo@sabrinahuesken.de\">hallo@sabrinahuesken.de<\/a> kontaktieren.<\/p>\n\n\n\n<p class=\"has-small-font-size\"><br>Stand: 18.01.2022<\/p>\n","protected":false},"excerpt":{"rendered":"<p>DATENSCHUTZERKL\u00c4RUNG I. Verantwortlicher f\u00fcr die Verarbeitung personenbezogener DatenVerantwortlich f\u00fcr die Verarbeitung personenbezogener Daten ist:Sabrina H\u00fcskenHuttropstr. 6545138 Essenhallo@sabrinahuesken.de II. Verarbeitung personenbezogener DatenKonkret handelt es sich um folgende personenbezogene Daten: Referrer, Zieldomain, IP-Adresse, Zugriffsdatum und -uhrzeit, Browsertyp und -version, Betriebssystem und Ger\u00e4tetyp. Au\u00dferdem haben Sie die M\u00f6glichkeit, Kommentare unter Blogeintr\u00e4gen zu verfassen. Dazu m\u00fcssen Sie Ihren Namen &hellip; <\/p>\n<p class=\"link-more\"><a href=\"https:\/\/sabrinahuesken.de\/?page_id=98\" class=\"more-link\">Mehr <span class=\"screen-reader-text\">\u00fcber &#8222;Datenschutz&#8220; <\/span>Lesen<\/a><\/p>\n","protected":false},"author":1,"featured_media":0,"parent":0,"menu_order":0,"comment_status":"closed","ping_status":"closed","template":"","meta":{"ngg_post_thumbnail":0,"inspiro_hide_title":false,"footnotes":""},"class_list":["post-98","page","type-page","status-publish","hentry"],"featured_media_urls":[],"_links":{"self":[{"href":"https:\/\/sabrinahuesken.de\/index.php?rest_route=\/wp\/v2\/pages\/98","targetHints":{"allow":["GET"]}}],"collection":[{"href":"https:\/\/sabrinahuesken.de\/index.php?rest_route=\/wp\/v2\/pages"}],"about":[{"href":"https:\/\/sabrinahuesken.de\/index.php?rest_route=\/wp\/v2\/types\/page"}],"author":[{"embeddable":true,"href":"https:\/\/sabrinahuesken.de\/index.php?rest_route=\/wp\/v2\/users\/1"}],"replies":[{"embeddable":true,"href":"https:\/\/sabrinahuesken.de\/index.php?rest_route=%2Fwp%2Fv2%2Fcomments&post=98"}],"version-history":[{"count":3,"href":"https:\/\/sabrinahuesken.de\/index.php?rest_route=\/wp\/v2\/pages\/98\/revisions"}],"predecessor-version":[{"id":215,"href":"https:\/\/sabrinahuesken.de\/index.php?rest_route=\/wp\/v2\/pages\/98\/revisions\/215"}],"wp:attachment":[{"href":"https:\/\/sabrinahuesken.de\/index.php?rest_route=%2Fwp%2Fv2%2Fmedia&parent=98"}],"curies":[{"name":"wp","href":"https:\/\/api.w.org\/{rel}","templated":true}]}}